{"id":817,"date":"2026-03-02T23:29:50","date_gmt":"2026-03-02T23:29:50","guid":{"rendered":"https:\/\/wagaleci.pl\/?page_id=817"},"modified":"2026-03-03T00:20:43","modified_gmt":"2026-03-03T00:20:43","slug":"o-nas","status":"publish","type":"page","link":"https:\/\/wagaleci.pl\/?page_id=817","title":{"rendered":"O nas"},"content":{"rendered":"<div class=\"wpb-content-wrapper\"><p>[vc_row css=&#8221;.vc_custom_1481576227367{margin-top: 120px !important;margin-bottom: 60px !important;}&#8221;][vc_column]<div id=\"ultimate-heading-191069f975576403d\" class=\"uvc-heading ult-adjust-bottom-margin ultimate-heading-191069f975576403d uvc-7248 \" data-hspacer=\"line_only\"  data-halign=\"center\" style=\"text-align:center\"><div class=\"uvc-heading-spacer line_only\" style=\"margin-bottom:40px;height:40px;\"><span class=\"uvc-headings-line\" style=\"border-style:solid;border-bottom-width:40px;border-color:#ccc;width:1px;\"><\/span><\/div><\/div>[vc_custom_heading text=&#8221;Nowoczesne rozwi\u0105zania dla \u015bwiadomej kontroli sylwetki&#8221; font_container=&#8221;tag:h6|text_align:center&#8221; use_theme_fonts=&#8221;yes&#8221; css=&#8221;&#8221;][vc_custom_heading text=&#8221;WAGALECI&#8221; font_container=&#8221;tag:h2|font_size:50px|text_align:center&#8221; use_theme_fonts=&#8221;yes&#8221; css=&#8221;&#8221;][vc_empty_space height=&#8221;20px&#8221;][vc_row_inner][vc_column_inner width=&#8221;1\/6&#8243;][\/vc_column_inner][vc_column_inner width=&#8221;2\/3&#8243;][vc_column_text css=&#8221;&#8221;]<\/p>\n<p data-start=\"355\" data-end=\"671\">Wagaleci.pl powsta\u0142o z potrzeby wype\u0142nienia luki na rynku nowoczesnych rozwi\u0105za\u0144 wspieraj\u0105cych kontrol\u0119 masy cia\u0142a oraz regeneracj\u0119 organizmu. Zauwa\u017cyli\u015bmy, \u017ce dost\u0119p do rzetelnych informacji i wysokiej jako\u015bci preparat\u00f3w bywa ograniczony, a klienci cz\u0119sto pozostaj\u0105 bez odpowiedniego wsparcia i sprawdzonych \u017ar\u00f3de\u0142.<\/p>\n<p data-start=\"673\" data-end=\"938\">Naszym celem jest stworzenie miejsca, w kt\u00f3rym jako\u015b\u0107, transparentno\u015b\u0107 i profesjonalna obs\u0142uga stanowi\u0105 fundament dzia\u0142alno\u015bci. Skupiamy si\u0119 na starannie wyselekcjonowanych produktach oraz przekazywaniu jasnych informacji dotycz\u0105cych ich w\u0142a\u015bciwo\u015bci i zastosowania.<\/p>\n<p data-start=\"940\" data-end=\"1143\">Wierzymy, \u017ce \u015bwiadome decyzje zaczynaj\u0105 si\u0119 od wiedzy. Dlatego stawiamy na edukacj\u0119, bezpiecze\u0144stwo zakup\u00f3w oraz dyskrecj\u0119. Ka\u017cde zam\u00f3wienie realizujemy z dba\u0142o\u015bci\u0105 o najwy\u017csze standardy obs\u0142ugi klienta.<\/p>\n<p data-start=\"1145\" data-end=\"1338\">Nasz\u0105 misj\u0105 jest dostarczanie nowoczesnych rozwi\u0105za\u0144 w spos\u00f3b odpowiedzialny i zgodny z obowi\u0105zuj\u0105cymi standardami, tak aby nasi klienci mogli korzysta\u0107 z oferty w spos\u00f3b \u015bwiadomy i bezpieczny.<\/p>\n<p>[\/vc_column_text][vc_empty_space height=&#8221;20px&#8221;][vc_empty_space height=&#8221;20px&#8221;][\/vc_column_inner][vc_column_inner width=&#8221;1\/6&#8243;][\/vc_column_inner][\/vc_row_inner][\/vc_column][\/vc_row][vc_row full_width=&#8221;stretch_row_content_no_spaces&#8221;][vc_column][vc_single_image image=&#8221;244&#8243; img_size=&#8221;full&#8221; alignment=&#8221;center&#8221; css_animation=&#8221;bottom-to-top&#8221;][\/vc_column][\/vc_row]<\/p>\n<\/div>","protected":false},"excerpt":{"rendered":"<p>[vc_row css=&#8221;.vc_custom_1481576227367{margin-top: 120px !important;margin-bottom: 60px !important;}&#8221;][vc_column][vc_custom_heading text=&#8221;Nowoczesne rozwi\u0105zania dla \u015bwiadomej kontroli sylwetki&#8221; font_container=&#8221;tag:h6|text_align:center&#8221; use_theme_fonts=&#8221;yes&#8221; css=&#8221;&#8221;][vc_custom_heading text=&#8221;WAGALECI&#8221; font_container=&#8221;tag:h2|font_size:50px|text_align:center&#8221; use_theme_fonts=&#8221;yes&#8221; css=&#8221;&#8221;][vc_empty_space height=&#8221;20px&#8221;][vc_row_inner][vc_column_inner width=&#8221;1\/6&#8243;][\/vc_column_inner][vc_column_inner width=&#8221;2\/3&#8243;][vc_column_text css=&#8221;&#8221;] Wagaleci.pl powsta\u0142o z potrzeby wype\u0142nienia luki na rynku nowoczesnych rozwi\u0105za\u0144 wspieraj\u0105cych kontrol\u0119 masy cia\u0142a oraz regeneracj\u0119 organizmu. Zauwa\u017cyli\u015bmy, \u017ce dost\u0119p do rzetelnych informacji i wysokiej jako\u015bci preparat\u00f3w bywa ograniczony, a klienci cz\u0119sto [&hellip;]<\/p>\n","protected":false},"author":1,"featured_media":0,"parent":0,"menu_order":0,"comment_status":"closed","ping_status":"closed","template":"page.php","meta":{"footnotes":""},"class_list":["post-817","page","type-page","status-publish","hentry"],"_links":{"self":[{"href":"https:\/\/wagaleci.pl\/index.php?rest_route=\/wp\/v2\/pages\/817","targetHints":{"allow":["GET"]}}],"collection":[{"href":"https:\/\/wagaleci.pl\/index.php?rest_route=\/wp\/v2\/pages"}],"about":[{"href":"https:\/\/wagaleci.pl\/index.php?rest_route=\/wp\/v2\/types\/page"}],"author":[{"embeddable":true,"href":"https:\/\/wagaleci.pl\/index.php?rest_route=\/wp\/v2\/users\/1"}],"replies":[{"embeddable":true,"href":"https:\/\/wagaleci.pl\/index.php?rest_route=%2Fwp%2Fv2%2Fcomments&post=817"}],"version-history":[{"count":5,"href":"https:\/\/wagaleci.pl\/index.php?rest_route=\/wp\/v2\/pages\/817\/revisions"}],"predecessor-version":[{"id":832,"href":"https:\/\/wagaleci.pl\/index.php?rest_route=\/wp\/v2\/pages\/817\/revisions\/832"}],"wp:attachment":[{"href":"https:\/\/wagaleci.pl\/index.php?rest_route=%2Fwp%2Fv2%2Fmedia&parent=817"}],"curies":[{"name":"wp","href":"https:\/\/api.w.org\/{rel}","templated":true}]}}